{"id":423,"date":"2020-02-24T20:51:57","date_gmt":"2020-02-24T19:51:57","guid":{"rendered":"http:\/\/qualitypush.com\/w\/neuigkeiten\/"},"modified":"2026-03-19T17:29:00","modified_gmt":"2026-03-19T16:29:00","slug":"neuigkeiten","status":"publish","type":"page","link":"https:\/\/qualitypush.com\/w\/start\/neuigkeiten\/","title":{"rendered":"Neuigkeiten"},"content":{"rendered":"\n<h3 class=\"wp-block-heading\"><strong>News rund um unsere Arbeit (und wegen unserer Seminarinsel auch speziell \u00fcber die Region H\u00f6ga Kusten in Schweden).<\/strong><\/h3>\n\n\n\n<p><strong>Beeindruckend, was der Travel-Retail Champion Gebr. Heinemann in mehreren Generationen weltweit auf die Beine gestellt hat. <\/strong>Willkommen in unserer sehr kleinen, sehr feinen Kundenfamilie!<\/p>\n\n\n\n<p><strong>Wow! Um keinen Auftrag habe ich so gek\u00e4mpft, wie um diesen.<\/strong> Gestern kam das Go! Bisher haben wir Business-Spiele in Miniserien konzipiert. Unser &#8222;Leadership Poker&#8220; und &#8222;Mission KuZu&#8220; werden im Rahmen von F\u00fchrungsseminaren gespielt. Jetzt haben wir den Auftrag f\u00fcr 100 Spiele bekommen. Yes, yes, yes! Danke Patricia \/ <a href=\"https:\/\/www.von-muttern.com\/\" target=\"_blank\" rel=\"noreferrer noopener\">von-muttern.com<\/a> f\u00fcr wieder mal hammer Arbeit im Bereich Kreativ, Design &amp; Produktion.<\/p>\n\n\n\n<p><strong>Spannend und eine Freude<\/strong>: neuer Kunde: Br\u00fcggemann und Jessnitz Architekturb\u00fcro \ud83c\udfd7<\/p>\n\n\n\n<p><strong>Sehr stolz: Neuer Kunde ist das Team der Verwaltung des Landtags Hannover <\/strong>\ud83d\udd7a<\/p>\n\n\n\n<p><strong>Wir freuen uns auf das neue Mitglied in unserer Kunden- und Partnerfamilie: La Cocina Kochschulen Hannover und Hamburg<\/strong> \u2764\ufe0f <a href=\"https:\/\/www.lacocina.de\" target=\"_blank\" rel=\"noreferrer noopener\">https:\/\/www.lacocina.de<\/a><\/p>\n\n\n\n<p><strong>Wir wenden Methoden aus dem Coaching an, bezeichnen uns aber eher als Berater. Fallen Sie nicht auf Bl\u00f6dsinn rein, gern in YouTube-Werbung angepriesen:<\/strong> <a href=\"https:\/\/www.verbraucherzentrale-hessen.de\/pressemeldungen\/vertraege-reklamation\/onlinecoaching-als-kostenfalle-83438\" target=\"_blank\" rel=\"noreferrer noopener\">Coaching als Kostenfalle (Verbraucherzentrale Hessen)<\/a><\/p>\n\n\n\n<p><strong>Wir haben einen kleinen, ausgew\u00e4hlten Kundenkreis. Stolz k\u00f6nnen wir ank\u00fcndigen, dass jetzt die Marke Monkey47 hinzukommen wird. <\/strong><a href=\"https:\/\/monkey47.com\/\" target=\"_blank\" rel=\"noreferrer noopener\">https:\/\/monkey47.com\/<\/a><\/p>\n\n\n\n<p><strong>Geo nennt Hoga Kusten (Hochk\u00fcste in Schweden) als eine der 10 sch\u00f6nsten K\u00fcstenstra\u00dfen Europas<\/strong> <a href=\"https:\/\/www.geo.de\/reisen\/top-ten\/hoega-kusten--schweden_30144852-30167406.html\">https:\/\/www.geo.de\/reisen\/top-ten\/hoega-kusten&#8211;schweden_30144852-30167406.html<\/a><\/p>\n\n\n\n<p><strong>In einem Metavergleich diverser L\u00e4nderrankings* ist Schweden das Land, das in den meisten Top 10 landet, gratuliere!<\/strong>&nbsp; Mehr dazu in diesem Blogartikel: <\/p>\n\n\n\n<p><img data-recalc-dims=\"1\" loading=\"lazy\" decoding=\"async\" width=\"450\" height=\"266\" class=\"wp-image-1504\" style=\"width: 450px;\" src=\"https:\/\/i0.wp.com\/qualitypush.com\/w\/wp-content\/uploads\/2022\/10\/TopoftheTop10s.png?resize=450%2C266&#038;ssl=1\" alt=\"\" srcset=\"https:\/\/i0.wp.com\/qualitypush.com\/w\/wp-content\/uploads\/2022\/10\/TopoftheTop10s.png?w=492&amp;ssl=1 492w, https:\/\/i0.wp.com\/qualitypush.com\/w\/wp-content\/uploads\/2022\/10\/TopoftheTop10s.png?resize=300%2C177&amp;ssl=1 300w\" sizes=\"auto, (max-width: 450px) 100vw, 450px\" \/><br \/><em>Top 10 der L\u00e4nder mit den meisten Top 10 Platzierungen<\/em><br \/><em>(* Quelle Liste von L\u00e4nder-Rankings \u2013 Wikipedia)<\/em><\/p>\n\n\n\n<p><strong>Bedeutende Funde seltener Erden in Kiruna<\/strong> <a href=\"https:\/\/www.n-tv.de\/wirtschaft\/Rekord-Fund-von-Seltenen-Erden-in-Schweden-article23840018.html\" target=\"_blank\" rel=\"noreferrer noopener\">https:\/\/www.n-tv.de\/wirtschaft\/Rekord-Fund-von-Seltenen-Erden-in-Schweden-article23840018.html<\/a><\/p>\n\n\n\n<p><strong>H\u00e4rn\u00f6sand, die sch\u00f6ne Ostseestadt, in dessen Kommune unsere Insel liegt, ist auch 2021 wie fast immer unter den Top3 der beliebtesten Sommerst\u00e4dte Schwedens gelandet<\/strong> <a href=\"https:\/\/www.reseguiden.se\/tips\/sommarstad\">https:\/\/www.reseguiden.se\/tips\/sommarstad<\/a><\/p>\n\n\n\n<p><strong>Agile Organisationen- Podiumsdiskussion in Berlin &#8211; ich durfte zusammen mit Burkhard Lustig von Ableton als Gastredner bei Summer &amp; Co \u00fcber Changebegleitung diskutieren<\/strong> (Link erloschen)<\/p>\n\n\n\n<p><strong>Schweden ist Platz 1 in der Transition zu erneuerbaren Energien in Europa<\/strong> <a href=\"https:\/\/www.weforum.org\/agenda\/2020\/05\/energy-transition-index-2020-eti-clean-sustainable-power\/\">https:\/\/www.weforum.org\/agenda\/2020\/05\/energy-transition-index-2020-eti-clean-sustainable-power\/<\/a><\/p>\n\n\n\n<p><strong>Die Hochk\u00fcste wurde zur sch\u00f6nsten Gegend Schwedens gew\u00e4hlt, kein Wunder, dass sie die am st\u00e4rksten wachsende Outdoor Region ist. Und das Wachstum ist explizit auf naturschonende und Nachhaltigkeit ausgelegt, statt auf Massendurchlauf, seht selbst:<\/strong><\/p>\n\n\n\n<figure class=\"wp-block-embed is-type-video is-provider-youtube wp-block-embed-youtube wp-embed-aspect-16-9 wp-has-aspect-ratio\"><div class=\"wp-block-embed__wrapper\">\n<iframe loading=\"lazy\" title=\"The High Coast of Sweden | Pre-Summit Adventure | Voted Sweden&#039;s most beautiful nature\" width=\"525\" height=\"295\" src=\"https:\/\/www.youtube.com\/embed\/QwjYrK1Ti1k?feature=oembed\" frameborder=\"0\" allow=\"accelerometer; autoplay; clipboard-write; encrypted-media; gyroscope; picture-in-picture; web-share\" referrerpolicy=\"strict-origin-when-cross-origin\" allowfullscreen><\/iframe>\n<\/div><\/figure>\n\n\n\n<p><em><mark style=\"background-color:rgba(0,0,0,0);color:#abb8c3\" class=\"has-inline-color has-cyan-bluish-gray-color\">H\u00e4rn\u00f6sand ist Schwedens Stadt mit der geringsten Sterblichkeitsrate der Pandemie. De facto liegt H\u00e4rn\u00f6sand sogar 3% unter normalen Jahren!<\/mark><\/em><\/p>\n\n\n\n<p><strong>Warum unser Konzept der &#8222;<\/strong><strong><a href=\"https:\/\/qualitypush.com\/w\/sverige-haernoesand\/\" target=\"_blank\" rel=\"noreferrer noopener\">Isle of Change<\/a><\/strong><strong>&#8220; voll im Trend liegt: schonmal von Luxese geh\u00f6rt? Oder von Trendnern? Dem 5S Prinzip der Touristik? Prof. Mag. Peter Zellmann, Leiter des Wiener Instituts f\u00fcr Freizeit- und Tourismusforschung \u00fcber die Zukunft des Tourismus (gilt nicht nur f\u00fcr \u00d6sterreich)<\/strong> <a href=\"https:\/\/www.reise-inspirationen.at\/index.php\/inspirationen\/blog\/die-top-10-zukunftstrends-im-tourismus-1\">https:\/\/www.reise-inspirationen.at\/index.php\/inspirationen\/blog\/die-top-10-zukunftstrends-im-tourismus-1<\/a><\/p>\n\n\n\n<p><strong>Schwedisches Forschungsprojekt: &#8222;Making Sweden the global leader of sustainable sports and outdoor recreation&#8220;<\/strong> <a href=\"https:\/\/www.miun.se\/en\/contact\/Press\/Pressreleases\/2019-9\/sverige-ska-bli-internationellt-ledande-inom-hallbart-friluftsliv-och-idrott\/\">https:\/\/www.miun.se\/en\/contact\/Press\/Pressreleases\/2019-9\/sverige-ska-bli-internationellt-ledande-inom-hallbart-friluftsliv-och-idrott\/<\/a><\/p>\n\n\n\n<p><strong>Ich durfte am Lehrstuhl Marketing II in Paderborn bei Renate Mahr einen Vortrag \u00fcber Automotive Sales, Marketing and After Sales halten<\/strong> (Link erloschen)<\/p>\n","protected":false},"excerpt":{"rendered":"<p>News rund um unsere Arbeit (und wegen unserer Seminarinsel auch speziell \u00fcber die Region H\u00f6ga Kusten in Schweden). Beeindruckend, was der Travel-Retail Champion Gebr. Heinemann in mehreren Generationen weltweit auf die Beine gestellt hat. Willkommen in unserer sehr kleinen, sehr feinen Kundenfamilie! Wow! Um keinen Auftrag habe ich so gek\u00e4mpft, wie um diesen. Gestern kam &hellip; <\/p>\n<p class=\"link-more\"><a href=\"https:\/\/qualitypush.com\/w\/start\/neuigkeiten\/\" class=\"more-link\"><span class=\"screen-reader-text\">\u201eNeuigkeiten\u201c <\/span>weiterlesen<\/a><\/p>\n","protected":false},"author":1,"featured_media":0,"parent":35,"menu_order":0,"comment_status":"open","ping_status":"closed","template":"","meta":{"jetpack_post_was_ever_published":false,"footnotes":""},"class_list":["post-423","page","type-page","status-publish","hentry"],"jetpack-related-posts":[{"id":1811,"url":"https:\/\/qualitypush.com\/w\/20-jahre-qualitypush-com-%f0%9f%a5%b3\/","url_meta":{"origin":423,"position":0},"title":"20 Jahre qualitypush.com \ud83e\udd73","author":"Patrick","date":"2. September 2025","format":false,"excerpt":"Angefangen hat es 2005 mit der\u00a0Optimierung von Webseiten\u00a0(daher der Name, danke @Kevin Arnold f\u00fcr den Start damals!), dann kamen\u00a0Redaktionstrainings\u00a0dazu (danke @Simon Kaatz und @aperto ), und schnell auch\u00a0F\u00fchrungsseminare\u00a0(danke @ Heinrich und Roswitha Roth f\u00fcr alles), danke @ Marco Plass und @J\u00fcrgen Freisl f\u00fcr Hand in Hand Kooperation und\u00a0Beratung\u00a0(danke @ einboot.org\u2026","rel":"","context":"\u00c4hnlicher Beitrag","block_context":{"text":"\u00c4hnlicher Beitrag","link":""},"img":{"alt_text":"","src":"","width":0,"height":0},"classes":[]},{"id":100,"url":"https:\/\/qualitypush.com\/w\/deutschland\/","url_meta":{"origin":423,"position":1},"title":"Unser Fokus","author":"Patrick","date":"30. Januar 2020","format":false,"excerpt":"Mit folgenden Anliegen bist Du bei uns am besten aufgehoben: Du suchst Sparringspartner, die selbst aktive F\u00fchrungskr\u00e4fte sind, Du m\u00f6chtest Strategien, Reorganisationen und Ver\u00e4nderungen ins Ziel bringen, Du m\u00f6chtest Eure F\u00fchrungskr\u00e4fte trainieren oder herausfordern, Du m\u00f6chtest Trainings anreichern mit speziell f\u00fcr dein Unternehmen entwickelten Businesss-Spielen. Arbeitsweise & Methoden Ownership und\u2026","rel":"","context":"\u00c4hnlicher Beitrag","block_context":{"text":"\u00c4hnlicher Beitrag","link":""},"img":{"alt_text":"","src":"https:\/\/i0.wp.com\/qualitypush.com\/w\/wp-content\/uploads\/2022\/10\/image_editor_output_image-809832921-1666463077202.jpg?resize=350%2C200&ssl=1","width":350,"height":200,"srcset":"https:\/\/i0.wp.com\/qualitypush.com\/w\/wp-content\/uploads\/2022\/10\/image_editor_output_image-809832921-1666463077202.jpg?resize=350%2C200&ssl=1 1x, https:\/\/i0.wp.com\/qualitypush.com\/w\/wp-content\/uploads\/2022\/10\/image_editor_output_image-809832921-1666463077202.jpg?resize=525%2C300&ssl=1 1.5x, https:\/\/i0.wp.com\/qualitypush.com\/w\/wp-content\/uploads\/2022\/10\/image_editor_output_image-809832921-1666463077202.jpg?resize=700%2C400&ssl=1 2x"},"classes":[]},{"id":160,"url":"https:\/\/qualitypush.com\/w\/kundenfeedback\/","url_meta":{"origin":423,"position":2},"title":"Feedback und Kunden","author":"Patrick","date":"31. Januar 2020","format":false,"excerpt":"Diese Feedbacks sind zu 99% repr\u00e4sentativ bei inzwischen > 5.000 Teilnehmenden an Beratungsprojekten, Trainings und Workshops: \"Vielen Dank noch einmal f\u00fcr deinen spannenden Impulsvortrag. Dein Vortrag ist bei allen gut angekommen. Besonders positiv fanden wir, dass du viele unterschiedliche Themen angerissen hast, die die Teilnehmenden anschlie\u00dfend zum Austausch angeregt haben\u2026","rel":"","context":"\u00c4hnlicher Beitrag","block_context":{"text":"\u00c4hnlicher Beitrag","link":""},"img":{"alt_text":"","src":"","width":0,"height":0},"classes":[]},{"id":36,"url":"https:\/\/qualitypush.com\/w\/start\/ueber-uns\/","url_meta":{"origin":423,"position":3},"title":"Profil","author":"Patrick","date":"30. Januar 2020","format":false,"excerpt":"Patrick Wilke, Gr\u00fcnder qp Vater, Organisationsberater, F\u00fchrungskr\u00e4ftetrainer, Coach Erfahrung in Mittelstand, Agentur, Beratung, Freiberuf, Konzern Wirtschaftshistoriker und Fachjournalist Agiler Team Facilitator (DACH30), SCRUM Product Owner, Prozessberater (AUDI) und KVP Moderator (VW) Taucher,\u00a0KI-Musiker und Heimwerker Rettungshelfer, Rettungstaucher, Rettungsschwimmer Werdegang 1997-2005: arbeits-sozialisiert wurde ich in den Kellern der Kernkraftwerke dieser Welt. Als\u2026","rel":"","context":"\u00c4hnlicher Beitrag","block_context":{"text":"\u00c4hnlicher Beitrag","link":""},"img":{"alt_text":"","src":"https:\/\/i0.wp.com\/qualitypush.com\/w\/wp-content\/uploads\/2025\/10\/outdoor.png?resize=350%2C200&ssl=1","width":350,"height":200,"srcset":"https:\/\/i0.wp.com\/qualitypush.com\/w\/wp-content\/uploads\/2025\/10\/outdoor.png?resize=350%2C200&ssl=1 1x, https:\/\/i0.wp.com\/qualitypush.com\/w\/wp-content\/uploads\/2025\/10\/outdoor.png?resize=525%2C300&ssl=1 1.5x, https:\/\/i0.wp.com\/qualitypush.com\/w\/wp-content\/uploads\/2025\/10\/outdoor.png?resize=700%2C400&ssl=1 2x"},"classes":[]},{"id":35,"url":"https:\/\/qualitypush.com\/w\/","url_meta":{"origin":423,"position":4},"title":"qualitypush.com &#8211; Changeberatung aus der Praxis","author":"Patrick","date":"30. Januar 2020","format":false,"excerpt":"seit 2005 \u201eMeine Erwartungen waren definitiv zu gering.\u201c (Ein Kundenfeedback) Unsere Vision: Wir wollen, dass Deutschland ein vorteilhafter Standort bleibt, indem wir wirksames F\u00fchrungsverhalten f\u00f6rdern. Es sollte f\u00fcr alle Menschen in Deutschland selbstverst\u00e4ndlich sein, in einer erfolgreichen, Lernenden Organisation arbeiten zu d\u00fcrfen. Unsere Mission Ver\u00e4nderungsvorhaben werden oft enthusiastisch initiiert -\u2026","rel":"","context":"\u00c4hnlicher Beitrag","block_context":{"text":"\u00c4hnlicher Beitrag","link":""},"img":{"alt_text":"","src":"https:\/\/i0.wp.com\/qualitypush.com\/w\/wp-content\/uploads\/2020\/12\/bubbles2-1.jpg?fit=1141%2C1200&ssl=1&resize=350%2C200","width":350,"height":200,"srcset":"https:\/\/i0.wp.com\/qualitypush.com\/w\/wp-content\/uploads\/2020\/12\/bubbles2-1.jpg?fit=1141%2C1200&ssl=1&resize=350%2C200 1x, https:\/\/i0.wp.com\/qualitypush.com\/w\/wp-content\/uploads\/2020\/12\/bubbles2-1.jpg?fit=1141%2C1200&ssl=1&resize=525%2C300 1.5x, https:\/\/i0.wp.com\/qualitypush.com\/w\/wp-content\/uploads\/2020\/12\/bubbles2-1.jpg?fit=1141%2C1200&ssl=1&resize=700%2C400 2x, https:\/\/i0.wp.com\/qualitypush.com\/w\/wp-content\/uploads\/2020\/12\/bubbles2-1.jpg?fit=1141%2C1200&ssl=1&resize=1050%2C600 3x"},"classes":[]},{"id":2,"url":"https:\/\/qualitypush.com\/w\/sverige-haernoesand\/","url_meta":{"origin":423,"position":5},"title":"In Schweden","author":"Patrick","date":"30. Januar 2020","format":false,"excerpt":"Eine eigene Insel - nur f\u00fcr Dich, Dein Team oder Deine Familie! In Schwedens Top Outdoorregion H\u00f6ga Kusten erschaffen wir einen einzigartigen Ort f\u00fcr Erholung, ungest\u00f6rte Arbeit, oder um ins Feuer zu starren: R\u00e5holmen. Unsere kleine Insel ist: ein Ort f\u00fcr bis zu 8 Personen, auf 10.000qm nordischem Urwald, in\u2026","rel":"","context":"\u00c4hnlicher Beitrag","block_context":{"text":"\u00c4hnlicher Beitrag","link":""},"img":{"alt_text":"","src":"https:\/\/i0.wp.com\/qualitypush.com\/w\/wp-content\/uploads\/2024\/04\/10000235417268486475659369678.jpg?resize=350%2C200","width":350,"height":200,"srcset":"https:\/\/i0.wp.com\/qualitypush.com\/w\/wp-content\/uploads\/2024\/04\/10000235417268486475659369678.jpg?resize=350%2C200 1x, https:\/\/i0.wp.com\/qualitypush.com\/w\/wp-content\/uploads\/2024\/04\/10000235417268486475659369678.jpg?resize=525%2C300 1.5x, https:\/\/i0.wp.com\/qualitypush.com\/w\/wp-content\/uploads\/2024\/04\/10000235417268486475659369678.jpg?resize=700%2C400 2x, https:\/\/i0.wp.com\/qualitypush.com\/w\/wp-content\/uploads\/2024\/04\/10000235417268486475659369678.jpg?resize=1050%2C600 3x, https:\/\/i0.wp.com\/qualitypush.com\/w\/wp-content\/uploads\/2024\/04\/10000235417268486475659369678.jpg?resize=1400%2C800 4x"},"classes":[]}],"jetpack_sharing_enabled":true,"jetpack_likes_enabled":true,"_links":{"self":[{"href":"https:\/\/qualitypush.com\/w\/wp-json\/wp\/v2\/pages\/423","targetHints":{"allow":["GET"]}}],"collection":[{"href":"https:\/\/qualitypush.com\/w\/wp-json\/wp\/v2\/pages"}],"about":[{"href":"https:\/\/qualitypush.com\/w\/wp-json\/wp\/v2\/types\/page"}],"author":[{"embeddable":true,"href":"https:\/\/qualitypush.com\/w\/wp-json\/wp\/v2\/users\/1"}],"replies":[{"embeddable":true,"href":"https:\/\/qualitypush.com\/w\/wp-json\/wp\/v2\/comments?post=423"}],"version-history":[{"count":10,"href":"https:\/\/qualitypush.com\/w\/wp-json\/wp\/v2\/pages\/423\/revisions"}],"predecessor-version":[{"id":1830,"href":"https:\/\/qualitypush.com\/w\/wp-json\/wp\/v2\/pages\/423\/revisions\/1830"}],"up":[{"embeddable":true,"href":"https:\/\/qualitypush.com\/w\/wp-json\/wp\/v2\/pages\/35"}],"wp:attachment":[{"href":"https:\/\/qualitypush.com\/w\/wp-json\/wp\/v2\/media?parent=423"}],"curies":[{"name":"wp","href":"https:\/\/api.w.org\/{rel}","templated":true}]}}