{"id":35,"date":"2020-01-30T12:37:49","date_gmt":"2020-01-30T11:37:49","guid":{"rendered":"http:\/\/qualitypush.com\/w\/?page_id=35"},"modified":"2025-03-16T23:32:19","modified_gmt":"2025-03-16T22:32:19","slug":"start","status":"publish","type":"page","link":"https:\/\/qualitypush.com\/w\/","title":{"rendered":"qualitypush.com &#8211; Changeberatung aus der Praxis"},"content":{"rendered":"\n<p class=\"has-text-align-right\">seit 2005<\/p>\n\n\n\n<div class=\"wp-block-group alignwide\"><div class=\"wp-block-group__inner-container is-layout-flow wp-block-group-is-layout-flow\">\n<h2 class=\"has-text-align-center wp-block-heading has-accent-color has-text-color\">\u201eMeine Erwartungen waren definitiv zu gering.\u201c<\/h2>\n\n\n\n<p class=\"has-text-align-right\">(Ein Kundenfeedback)<\/p>\n<\/div><\/div>\n\n\n\n<h2 class=\"wp-block-heading\"><strong><strong>Unsere Vision:<\/strong><\/strong><\/h2>\n\n\n\n<p>Wir wollen, dass Deutschland ein vorteilhafter Standort bleibt, indem wir wirksames F\u00fchrungsverhalten f\u00f6rdern. Es sollte f\u00fcr alle Menschen in Deutschland selbstverst\u00e4ndlich sein, in einer erfolgreichen, Lernenden Organisation arbeiten zu d\u00fcrfen. <\/p>\n\n\n\n<h2 class=\"wp-block-heading\"><strong>Unsere Mission<\/strong><\/h2>\n\n\n\n<p>Ver\u00e4nderungsvorhaben werden oft enthusiastisch initiiert &#8211; mit uns kommen sie genauso so enthusiastisch auch ins Ziel. Wir brechen eingefahrene Situationen auf und wecken neue Lust auf F\u00fchrung, Leistung und Wandel.<\/p>\n\n\n\n<h2 class=\"wp-block-heading\"><strong>Im Mittelpunkt stehen bei uns 3 Aspekte:<\/strong><\/h2>\n\n\n\n<ul class=\"wp-block-list\">\n<li>Du als F\u00fchrungskraft bist bereit, an der Wirksamkeit Deiner F\u00fchrung zu arbeiten<\/li>\n\n\n\n<li>Du bist bereit, ein Maximum an Selbstorganisation und Verantwortung zuzulassen<\/li>\n\n\n\n<li>Du suchst Sparringspartner, die selbst aktive F\u00fchrungskr\u00e4fte sind<\/li>\n<\/ul>\n\n\n\n<h2 class=\"wp-block-heading\">Und jetzt?<\/h2>\n\n\n\n<p class=\"has-white-color has-text-color has-background\" style=\"background-color:#429999\"><strong><a href=\"https:\/\/www.qualitypush.com\/w\/deutschland\" target=\"_blank\" rel=\"noreferrer noopener\">Unser Fokus &amp; unsere Methoden<\/a><\/strong><\/p>\n\n\n\n<p class=\"has-white-color has-text-color has-background\" style=\"background-color:#42bbbb\"><strong><a href=\"https:\/\/www.qualitypush.com\/w\/sverige-haernoesand\" target=\"_blank\" rel=\"noreferrer noopener\">Work &amp; Wandern auf unserer Seminarinsel in Schweden<\/a><\/strong><\/p>\n\n\n\n<p class=\"has-white-color has-text-color has-background\" style=\"background-color:#42dddd\"><strong><a href=\"https:\/\/www.qualitypush.com\/w\/kundenfeedback\" target=\"_blank\" rel=\"noreferrer noopener\">Kundenfeedback anschauen<\/a><\/strong><\/p>\n\n\n\n<p class=\"has-white-color has-text-color has-background\" style=\"background-color:#42eeee\"><strong><a href=\"https:\/\/www.qualitypush.com\/w\/kontakt\" target=\"_blank\" rel=\"noreferrer noopener\">Kontakt aufnehmen<\/a><\/strong><\/p>\n","protected":false},"excerpt":{"rendered":"<p>seit 2005 \u201eMeine Erwartungen waren definitiv zu gering.\u201c (Ein Kundenfeedback) Unsere Vision: Wir wollen, dass Deutschland ein vorteilhafter Standort bleibt, indem wir wirksames F\u00fchrungsverhalten f\u00f6rdern. Es sollte f\u00fcr alle Menschen in Deutschland selbstverst\u00e4ndlich sein, in einer erfolgreichen, Lernenden Organisation arbeiten zu d\u00fcrfen. Unsere Mission Ver\u00e4nderungsvorhaben werden oft enthusiastisch initiiert &#8211; mit uns kommen sie genauso &hellip; <\/p>\n<p class=\"link-more\"><a href=\"https:\/\/qualitypush.com\/w\/\" class=\"more-link\"><span class=\"screen-reader-text\">\u201equalitypush.com &#8211; Changeberatung aus der Praxis\u201c <\/span>weiterlesen<\/a><\/p>\n","protected":false},"author":1,"featured_media":948,"parent":0,"menu_order":0,"comment_status":"open","ping_status":"closed","template":"","meta":{"jetpack_post_was_ever_published":false,"footnotes":""},"class_list":["post-35","page","type-page","status-publish","has-post-thumbnail","hentry"],"jetpack-related-posts":[{"id":100,"url":"https:\/\/qualitypush.com\/w\/deutschland\/","url_meta":{"origin":35,"position":0},"title":"Unser Fokus","author":"Patrick","date":"30. Januar 2020","format":false,"excerpt":"Mit folgenden Anliegen bist Du bei uns am besten aufgehoben: Du suchst Sparringspartner, die selbst aktive F\u00fchrungskr\u00e4fte sind, Du m\u00f6chtest Strategien, Reorganisationen und Ver\u00e4nderungen ins Ziel bringen, Du m\u00f6chtest Eure F\u00fchrungskr\u00e4fte trainieren oder herausfordern, Du m\u00f6chtest Trainings anreichern mit speziell f\u00fcr dein Unternehmen entwickelten Businesss-Spielen. Arbeitsweise & Methoden Ownership und\u2026","rel":"","context":"\u00c4hnlicher Beitrag","block_context":{"text":"\u00c4hnlicher Beitrag","link":""},"img":{"alt_text":"","src":"https:\/\/i0.wp.com\/qualitypush.com\/w\/wp-content\/uploads\/2022\/10\/image_editor_output_image-809832921-1666463077202.jpg?resize=350%2C200&ssl=1","width":350,"height":200,"srcset":"https:\/\/i0.wp.com\/qualitypush.com\/w\/wp-content\/uploads\/2022\/10\/image_editor_output_image-809832921-1666463077202.jpg?resize=350%2C200&ssl=1 1x, https:\/\/i0.wp.com\/qualitypush.com\/w\/wp-content\/uploads\/2022\/10\/image_editor_output_image-809832921-1666463077202.jpg?resize=525%2C300&ssl=1 1.5x, https:\/\/i0.wp.com\/qualitypush.com\/w\/wp-content\/uploads\/2022\/10\/image_editor_output_image-809832921-1666463077202.jpg?resize=700%2C400&ssl=1 2x"},"classes":[]},{"id":2,"url":"https:\/\/qualitypush.com\/w\/sverige-haernoesand\/","url_meta":{"origin":35,"position":1},"title":"In Schweden","author":"Patrick","date":"30. Januar 2020","format":false,"excerpt":"Eine eigene Insel - nur f\u00fcr Dich, Dein Team oder Deine Familie! In Schwedens Top Outdoorregion H\u00f6ga Kusten erschaffen wir einen einzigartigen Ort f\u00fcr Erholung, ungest\u00f6rte Arbeit, oder um ins Feuer zu starren: R\u00e5holmen. Unsere kleine Insel ist: ein Ort f\u00fcr bis zu 8 Personen, auf 10.000qm nordischem Urwald, in\u2026","rel":"","context":"\u00c4hnlicher Beitrag","block_context":{"text":"\u00c4hnlicher Beitrag","link":""},"img":{"alt_text":"","src":"https:\/\/i0.wp.com\/qualitypush.com\/w\/wp-content\/uploads\/2024\/04\/10000235417268486475659369678.jpg?resize=350%2C200","width":350,"height":200,"srcset":"https:\/\/i0.wp.com\/qualitypush.com\/w\/wp-content\/uploads\/2024\/04\/10000235417268486475659369678.jpg?resize=350%2C200 1x, https:\/\/i0.wp.com\/qualitypush.com\/w\/wp-content\/uploads\/2024\/04\/10000235417268486475659369678.jpg?resize=525%2C300 1.5x, https:\/\/i0.wp.com\/qualitypush.com\/w\/wp-content\/uploads\/2024\/04\/10000235417268486475659369678.jpg?resize=700%2C400 2x, https:\/\/i0.wp.com\/qualitypush.com\/w\/wp-content\/uploads\/2024\/04\/10000235417268486475659369678.jpg?resize=1050%2C600 3x, https:\/\/i0.wp.com\/qualitypush.com\/w\/wp-content\/uploads\/2024\/04\/10000235417268486475659369678.jpg?resize=1400%2C800 4x"},"classes":[]}],"jetpack_sharing_enabled":true,"jetpack_likes_enabled":true,"_links":{"self":[{"href":"https:\/\/qualitypush.com\/w\/wp-json\/wp\/v2\/pages\/35","targetHints":{"allow":["GET"]}}],"collection":[{"href":"https:\/\/qualitypush.com\/w\/wp-json\/wp\/v2\/pages"}],"about":[{"href":"https:\/\/qualitypush.com\/w\/wp-json\/wp\/v2\/types\/page"}],"author":[{"embeddable":true,"href":"https:\/\/qualitypush.com\/w\/wp-json\/wp\/v2\/users\/1"}],"replies":[{"embeddable":true,"href":"https:\/\/qualitypush.com\/w\/wp-json\/wp\/v2\/comments?post=35"}],"version-history":[{"count":10,"href":"https:\/\/qualitypush.com\/w\/wp-json\/wp\/v2\/pages\/35\/revisions"}],"predecessor-version":[{"id":1764,"href":"https:\/\/qualitypush.com\/w\/wp-json\/wp\/v2\/pages\/35\/revisions\/1764"}],"wp:featuredmedia":[{"embeddable":true,"href":"https:\/\/qualitypush.com\/w\/wp-json\/wp\/v2\/media\/948"}],"wp:attachment":[{"href":"https:\/\/qualitypush.com\/w\/wp-json\/wp\/v2\/media?parent=35"}],"curies":[{"name":"wp","href":"https:\/\/api.w.org\/{rel}","templated":true}]}}