{"id":160,"date":"2020-01-31T13:31:49","date_gmt":"2020-01-31T12:31:49","guid":{"rendered":"http:\/\/qualitypush.com\/w\/?page_id=160"},"modified":"2026-03-26T16:42:41","modified_gmt":"2026-03-26T15:42:41","slug":"kundenfeedback","status":"publish","type":"page","link":"https:\/\/qualitypush.com\/w\/kundenfeedback\/","title":{"rendered":"Feedback und Kunden"},"content":{"rendered":"\n<h2 class=\"wp-block-heading\">Diese Feedbacks sind zu 99% repr\u00e4sentativ bei inzwischen > 5.000 Teilnehmenden an Beratungsprojekten, Trainings und Workshops:<\/h2>\n\n\n\n<p>&#8222;Vielen Dank noch einmal f\u00fcr deinen spannenden Impulsvortrag. Dein Vortrag ist bei allen gut angekommen. Besonders positiv fanden wir, dass du viele unterschiedliche Themen angerissen hast, die die Teilnehmenden <strong>anschlie\u00dfend zum Austausch angeregt<\/strong> haben und die Gespr\u00e4che begleitet haben. Es war insgesamt ein rundum gelungenes Event.&#8220;<\/p>\n\n\n\n<p>&#8222;Der <strong>Mix aus Vortrag und Team-Kochevent<\/strong> war eine willkommene Abwechslung zu klassischen Seminaren und Workshops. Wir konnten uns ungezwungen und auf <strong>unkonventionelle<\/strong> Weise einem F\u00fchrungsthema widmen. Das Feedback zum Trainer war durchgehend positiv. Besonders gewinnbringend ist die <strong>praktische F\u00fchrungserfahrung<\/strong> &#8211; der Trainer wei\u00df, wovon er spricht. Das Kochen und anschlie\u00dfende gemeinsame Essen war hervorragend. Insgesamt eine sehr gelungene Veranstaltung.&#8220;<\/p>\n\n\n\n<p>&#8222;Wir sind als Team zusammengewachsen und <strong>haben uns wirklich weiterentwickelt.<\/strong> Klasse, dass Patrick uns jetzt schon mehrere Jahre begleiten darf.&#8220;<\/p>\n\n\n\n<p>&#8222;Weiter so!&#8220;<\/p>\n\n\n\n<p>&#8222;Sehr <strong>interaktiv<\/strong> gestaltet &#8211; es wurde nie langweilig.&#8220;<\/p>\n\n\n\n<p>&#8222;Top, bleib wie Du bist!&#8220;<\/p>\n\n\n\n<p>&#8222;Klasse gemacht!!! <strong>Sympathischer Trainer mit Humor<\/strong>&#8222;<\/p>\n\n\n\n<p>&#8222;Dankesch\u00f6n f\u00fcr das Seminar. Ich habe Spa\u00df gehabt und <strong>viel \u00fcber meine St\u00e4rken und Schw\u00e4chen gelernt<\/strong>. Ich wei\u00df, wo ich Verbesserungen brauche&#8220;<\/p>\n\n\n\n<p>&#8222;Einer der <strong>besten Trainer<\/strong> den ich bisher erlebt habe.&#8220;<\/p>\n\n\n\n<p>&#8222;Sehr <strong>h\u00f6flich und offen<\/strong>.&#8220;<\/p>\n\n\n\n<p>&#8222;Super gemacht!&#8220;<\/p>\n\n\n\n<p>&#8222;Tolle Trainer, klasse <strong>Lernbeispiele<\/strong>&#8222;<\/p>\n\n\n\n<p>&#8222;Viel gelernt und dann praktisch <strong>umgesetzt<\/strong>&#8222;<\/p>\n\n\n\n<p>&#8222;Meine Erwartungen wurden <strong>\u00fcbertroffen<\/strong>!&#8220;<\/p>\n\n\n\n<p>&#8222;Gute Trainer, <strong>strukturierter Aufbau<\/strong>&#8222;<\/p>\n\n\n\n<p>&#8222;Gibt nichts zu meckern&#8220;<\/p>\n\n\n\n<p>&#8222;Gute Unterrichtsgestaltung. Nicht zu einseitig. <strong>Es war richtig gut<\/strong>&#8222;<\/p>\n\n\n\n<p>&#8222;<strong>Sehr aufgeschlossen<\/strong>. <strong>Zusammenh\u00e4nge waren genial<\/strong>. <strong>Fallbeispiele <\/strong>waren sehr gut gew\u00e4hlt und haben den Alltag getroffen.&#8220;<\/p>\n\n\n\n<p>&#8222;Super F\u00fchrung, starke Pers\u00f6nlichkeit, <strong>stellt sich nicht in Mittelpunkt<\/strong>.&#8220;<\/p>\n\n\n\n<p>&#8222;Gute Darstellung der Themen.&#8220;<\/p>\n\n\n\n<p>&#8222;Die Begegnung auf <strong>Augenh\u00f6he <\/strong>hat ein entspanntes Umfeld f\u00fcr den Lernprozess erzeugt.&#8220;<\/p>\n\n\n\n<p>&#8222;Sehr gute Umsetzung: <strong>Erkennung der eigenen Problemzonen<\/strong>.&#8220;<\/p>\n\n\n\n<p>&#8222;Top, war <strong>sehr informativ und interessant<\/strong>.&#8220;<\/p>\n\n\n\n<p>&#8222;Er hat immer sehr gut alle Sinne getroffen um die <strong>Inhalte allen Kollegen verst\u00e4ndlich zu machen<\/strong>.&#8220;<\/p>\n\n\n\n<p>&#8222;Die Art der Seminargestaltung war <strong>erfrischend <\/strong>und <strong>auf keinen Fall langweilig<\/strong>. Die <strong>Rollenspiele waren sehr aufschlussreich<\/strong>.&#8220;<\/p>\n\n\n\n<p>&#8222;<strong>Super Aufbau<\/strong>, <strong>locker vermittelt<\/strong>.&#8220;<\/p>\n\n\n\n<p>&#8222;Meine Erwartungen wurden zu 100% erf\u00fcllt, u.a. wegen der <strong>offenen und begeisternden Art <\/strong>von Patrick&#8220;<\/p>\n\n\n\n<p><strong>&#8222;Super Art und Weise, die Themen zu vermitteln.&#8220;<\/strong><\/p>\n\n\n\n<p>&#8222;<strong>Abwechslungsreich<\/strong>. Er ist auch auf <strong>individuelle<\/strong> Themen stets eingegangen&#8220;.<\/p>\n\n\n\n<p><strong>&#8222;Er hat das Team in seinen Bann gezogen.&#8220;<\/strong><\/p>\n\n\n\n<p>&#8222;Herzlichen Dank f\u00fcr die <strong>innovative Gestaltung und gewohnt souver\u00e4ne Umsetzung des Workshops.&#8220;<\/strong><\/p>\n\n\n\n<p><strong>&#8222;Anfangs war ich etwas lost<\/strong>, weil die Briefings der Gruppen\u00fcbungen nicht so scharf waren wie sonst in Workshops. <strong>Aber dann wars doch toll<\/strong>, wie viel Freiraum wir hatten, uns einfach auszutauschen.&#8220;<\/p>\n\n\n\n<p>&#8222;<strong>Guter Wechsel zwischen den Themen&#8220;<\/strong><\/p>\n\n\n\n<p>&#8222;<strong>Sehr strukturiert<\/strong>, F\u00fchrungsinhalte war super, Fallbeispiele, <strong>flexibel<\/strong>, <strong>viel Stoff, aber gut zu schaffen<\/strong>&#8222;<\/p>\n\n\n\n<p>&#8222;<strong>Hervorragende Seminarf\u00fchrung<\/strong> und <strong>Metaphern aus dem &#8222;echten&#8220; Leben<\/strong>. Super!&#8220;<\/p>\n\n\n\n<p>&#8222;Patrick ist super! <strong>Alles richtig gemacht<\/strong>&#8222;<\/p>\n\n\n\n<p>&#8222;Note 1&#8220;<\/p>\n\n\n\n<p>&#8222;Er hat eine <strong>tolle Atmosph\u00e4re<\/strong> geschaffen =&gt; einfach.&#8220;<\/p>\n\n\n\n<p>&#8222;Sehr offen f\u00fcr alles&#8220;<\/p>\n\n\n\n<p>&#8222;Sehr flexibel, geht auf die W\u00fcnsche der Teilnehmer ein. <strong>Kein starres Konzept&#8220;<\/strong><\/p>\n\n\n\n<p>&#8222;<strong>Meine Erwartungen wurden in allen Bereichen \u00fcbertroffen&#8220;<\/strong><\/p>\n\n\n\n<p>&#8222;Erwartungen: Voll erf\u00fcllt, weil <strong>meine pers\u00f6nliche St\u00e4rke wieder in mir hervorgeholt<\/strong> wurde&#8220;<\/p>\n\n\n\n<p>&#8222;Bleib so wie Du bist, <strong>offen, freundlich, verspielt, inspirierend&#8220;<\/strong><\/p>\n\n\n\n<p>&#8222;Mein Feedback? <strong>Einfach so bleiben<\/strong>!!! Besser w\u00e4re gesch\u00f6nt!&#8220;<\/p>\n\n\n\n<p>&#8222;Alles richtig gemacht&#8220;<\/p>\n\n\n\n<p>&#8222;<strong>Viele gute Ideen<\/strong> wurden auf dem Weg gegeben Positiv: die pers\u00f6nliche Note Weiter so!&#8220;<\/p>\n\n\n\n<p>&#8222;<strong>Jeder hatte Spa\u00df an der Sache&#8220;<\/strong><\/p>\n\n\n\n<p>&#8222;<strong>Aktuelle Probleme super in seinen Ablauf eingebaut&#8220;<\/strong><\/p>\n\n\n\n<p>&#8222;Die <strong>Rollenspiele<\/strong> waren toll und hilfreich&#8220;<\/p>\n\n\n\n<p>&#8222;Ich war von der <strong>positiven herausfordernden Art<\/strong> \u00fcberrascht&#8220;<\/p>\n\n\n\n<p>&#8222;Patrick &#8211; Daumen hoch&#8220;<\/p>\n\n\n\n<p>&#8222;Toller, <strong>professioneller Vortrags-Stil<\/strong>&#8222;<\/p>\n\n\n\n<p>&#8222;Sehr gut erkl\u00e4rt. Gute <strong>K\u00f6rpersprache<\/strong>!&#8220;<\/p>\n\n\n\n<p>&#8222;<strong>Die gesamte Seminargestaltung war sehr gut<\/strong>: Aufbau, Darstellung, Gruppenarbeiten, Art des Vortrags.&#8220;<\/p>\n\n\n\n<p>&#8222;Gibt Anreize, das Tagesgesch\u00e4ft <strong>positiv zu bew\u00e4ltigen&#8220;<\/strong><\/p>\n\n\n\n<p>&#8222;<strong>Meine Erwartungen waren definitiv zu gering<\/strong>!&#8220;<\/p>\n\n\n\n<p>&#8222;Alle meine vorher \u00fcberlegten Ziele\/Erwartungen wurden <strong>erf\u00fcllt oder \u00fcbertroffen<\/strong>&#8222;<\/p>\n\n\n\n<p>&#8222;<strong>Energie<\/strong> weiterhin so beibehalten, die war topp!&#8220;<\/p>\n\n\n\n<p>&#8222;<strong>Methodik super, alles dabei<\/strong>! Lernziele bleiben h\u00e4ngen und es hat sehr viel Spa\u00df gemacht.&#8220;<\/p>\n\n\n\n<p>&#8222;Gibt eindeutige <strong>Hilfestellungen zu Erkennen eigener St\u00e4rken und Schw\u00e4chen<\/strong>.&#8220;<\/p>\n\n\n\n<p>&#8222;Vielen Dank f\u00fcr die tolle Woche. <strong>Es war ein super Erlebnis<\/strong> und ich bin stolz zu so einer tollen Firma zu geh\u00f6ren!&#8220; (Das Lob ging an die Firma WISAG)<\/p>\n\n\n\n<p>&#8222;Mehr davon&#8220;<\/p>\n\n\n\n<p>&#8222;Dass meine Erwartungen voll erf\u00fcllt wurden, lag an der <strong>Realit\u00e4tsn\u00e4he<\/strong>.&#8220;<\/p>\n\n\n\n<p>&#8222;Halten Sie weiterhin so <strong>enthusiastische Vortr\u00e4ge<\/strong>!&#8220;<\/p>\n\n\n\n<p>&#8222;Trainer war extrem <strong>gut informiert&#8220;<\/strong><\/p>\n\n\n\n<p>&#8222;<strong>Geholfen hat mir, dass ich aus der Komfortzone raus kam<\/strong> und man seinen Schwierigkeiten\/ Schw\u00e4chen begegnen konnte&#8220;<\/p>\n\n\n\n<p>&#8222;Sehr <strong>professionell<\/strong>, zum Teil sehr witzig&#8220;<\/p>\n\n\n\n<p>&#8222;Sehr gute \u00fcbungen, die authentisch vorgelebt wurden. Dies hat mir gezeigt, dass es (das Gelernte) gut umsetzbar ist und <strong>mich motiviert, es zu probieren<\/strong>!&#8220;<\/p>\n\n\n\n<p>&#8222;<strong>Aktive Mitarbeit der Teilnehmer wurde stets angeregt und interessant gestaltet<\/strong>. Als Patrick abgereist ist, hatte ich das Gef\u00fchl, dass eine wichtige Person weg ist&#8220;<\/p>\n\n\n\n<p>&#8222;<strong>Besonders gut gefallen hat mir das \u00fcber mich Hinauswachsen&#8220;<\/strong><\/p>\n\n\n\n<p>&#8222;Ganz toller Mensch, <strong>Hr. Wilke soll bleiben wie er ist&#8220;<\/strong><\/p>\n\n\n\n<p>&#8222;Sehr offener, guter und netter Trainer. <strong>Weiter so!&#8220;<\/strong><\/p>\n\n\n\n<p>&#8222;Die Vermittlung des Trainers war sehr gut und <strong>sofort verst\u00e4ndlich<\/strong>&#8222;<\/p>\n\n\n\n<p>&#8222;Sehr \u00fcberzeugend und kompetent. <strong>Gute Mischung aus anleiten und laufen lassen&#8220;<\/strong><\/p>\n\n\n\n<p>&#8222;Es war einfach nur super&#8220;<\/p>\n\n\n\n<p>&#8222;Nochmal vielen Dank, Herr Wilke. <strong>Supercooles Event mit hoher Qualit\u00e4t und hohem Lerneffekt&#8220;<\/strong><\/p>\n\n\n\n<p><strong>&#8222;Wenn er noch sauberer schreibt, w\u00e4re es PERFEKT.&#8220;<\/strong><\/p>\n\n\n\n<p><\/p>\n\n\n\n<p><strong>Kunden sind \/ waren:<\/strong> WISAG, Region Hannover, Lamdtag Hannover, La Cocina Kochschulen, Bundeswehrakademie AiK, Bundesamt f\u00fcr Migration und Fl\u00fcchtlinge, Monkey47, Puma, Ernst &amp; Young, Siemens, SPD Wolfsburg, Daimler Financial Services, GIZ, DfB, Delta Test, NAK Singles, Ezetil, Br\u00fcggemann &amp; Je\u00dfnitz Architekten<\/p>\n\n\n\n<h2 class=\"wp-block-heading\">Und jetzt?<\/h2>\n\n\n\n<p class=\"has-white-color has-text-color has-background\" style=\"background-color:#429999\"><strong><a href=\"https:\/\/www.qualitypush.com\/w\/deutschland\" target=\"_blank\" rel=\"noreferrer noopener\">Unser Fokus &amp; unsere Methoden<\/a><\/strong><\/p>\n\n\n\n<p class=\"has-white-color has-text-color has-background\" style=\"background-color:#42bbbb\"><strong><a href=\"https:\/\/www.qualitypush.com\/w\/sverige-haernoesand\" target=\"_blank\" rel=\"noreferrer noopener\">Work &amp; Wandern auf unserer Seminarinsel in Schweden<\/a><\/strong><\/p>\n\n\n\n<p class=\"has-white-color has-text-color has-background\" style=\"background-color:#42eeee\"><strong><a href=\"https:\/\/www.qualitypush.com\/w\/kontakt\" target=\"_blank\" rel=\"noreferrer noopener\">Kontakt aufnehmen<\/a><\/strong><\/p>\n","protected":false},"excerpt":{"rendered":"<p>Diese Feedbacks sind zu 99% repr\u00e4sentativ bei inzwischen > 5.000 Teilnehmenden an Beratungsprojekten, Trainings und Workshops: &#8222;Vielen Dank noch einmal f\u00fcr deinen spannenden Impulsvortrag. Dein Vortrag ist bei allen gut angekommen. Besonders positiv fanden wir, dass du viele unterschiedliche Themen angerissen hast, die die Teilnehmenden anschlie\u00dfend zum Austausch angeregt haben und die Gespr\u00e4che begleitet haben. &hellip; <\/p>\n<p class=\"link-more\"><a href=\"https:\/\/qualitypush.com\/w\/kundenfeedback\/\" class=\"more-link\"><span class=\"screen-reader-text\">\u201eFeedback und Kunden\u201c <\/span>weiterlesen<\/a><\/p>\n","protected":false},"author":1,"featured_media":0,"parent":0,"menu_order":0,"comment_status":"closed","ping_status":"closed","template":"","meta":{"jetpack_post_was_ever_published":false,"footnotes":""},"class_list":["post-160","page","type-page","status-publish","hentry"],"jetpack-related-posts":[{"id":877,"url":"https:\/\/qualitypush.com\/w\/start\/partner-empfehlungen\/","url_meta":{"origin":160,"position":0},"title":"Partner und Empfehlungen","author":"Patrick","date":"6. Oktober 2020","format":false,"excerpt":"Jeder braucht Partner. TEAMBUILDING: LaCocina Seminark\u00fcche - Top Location, top Vortrag, top Kochevent und dann top Essen. Sehr zu empfehlen! BERATUNG: https:\/\/einboot.org - Johanna Tomppert und Boris Walter. 2 Organisationsberater. Top Kollegen. Meine Wahl, wenn es um l\u00e4ngere Projekte geht. OUTDOOR TRAINING: https:\/\/www.wildnistraining-westerwald.de\/ Marco Plass, F\u00fchrungskr\u00e4fte- und Outdoortrainer und Survival\u2026","rel":"","context":"\u00c4hnlicher Beitrag","block_context":{"text":"\u00c4hnlicher Beitrag","link":""},"img":{"alt_text":"","src":"https:\/\/i0.wp.com\/qualitypush.com\/w\/wp-content\/uploads\/2021\/11\/stingray-4392776_1920.jpg?resize=350%2C200&ssl=1","width":350,"height":200,"srcset":"https:\/\/i0.wp.com\/qualitypush.com\/w\/wp-content\/uploads\/2021\/11\/stingray-4392776_1920.jpg?resize=350%2C200&ssl=1 1x, https:\/\/i0.wp.com\/qualitypush.com\/w\/wp-content\/uploads\/2021\/11\/stingray-4392776_1920.jpg?resize=525%2C300&ssl=1 1.5x, https:\/\/i0.wp.com\/qualitypush.com\/w\/wp-content\/uploads\/2021\/11\/stingray-4392776_1920.jpg?resize=700%2C400&ssl=1 2x, https:\/\/i0.wp.com\/qualitypush.com\/w\/wp-content\/uploads\/2021\/11\/stingray-4392776_1920.jpg?resize=1050%2C600&ssl=1 3x, https:\/\/i0.wp.com\/qualitypush.com\/w\/wp-content\/uploads\/2021\/11\/stingray-4392776_1920.jpg?resize=1400%2C800&ssl=1 4x"},"classes":[]},{"id":36,"url":"https:\/\/qualitypush.com\/w\/start\/ueber-uns\/","url_meta":{"origin":160,"position":1},"title":"Profil","author":"Patrick","date":"30. Januar 2020","format":false,"excerpt":"Patrick Wilke, Gr\u00fcnder qp Vater, Organisationsberater, F\u00fchrungskr\u00e4ftetrainer, Coach Erfahrung in Mittelstand, Agentur, Beratung, Freiberuf, Konzern Wirtschaftshistoriker und Fachjournalist Agiler Team Facilitator (DACH30), SCRUM Product Owner, Prozessberater (AUDI) und KVP Moderator (VW) Taucher,\u00a0KI-Musiker und Heimwerker Rettungshelfer, Rettungstaucher, Rettungsschwimmer Werdegang 1997-2005: arbeits-sozialisiert wurde ich in den Kellern der Kernkraftwerke dieser Welt. Als\u2026","rel":"","context":"\u00c4hnlicher Beitrag","block_context":{"text":"\u00c4hnlicher Beitrag","link":""},"img":{"alt_text":"","src":"https:\/\/i0.wp.com\/qualitypush.com\/w\/wp-content\/uploads\/2025\/10\/outdoor.png?resize=350%2C200&ssl=1","width":350,"height":200,"srcset":"https:\/\/i0.wp.com\/qualitypush.com\/w\/wp-content\/uploads\/2025\/10\/outdoor.png?resize=350%2C200&ssl=1 1x, https:\/\/i0.wp.com\/qualitypush.com\/w\/wp-content\/uploads\/2025\/10\/outdoor.png?resize=525%2C300&ssl=1 1.5x, https:\/\/i0.wp.com\/qualitypush.com\/w\/wp-content\/uploads\/2025\/10\/outdoor.png?resize=700%2C400&ssl=1 2x"},"classes":[]},{"id":35,"url":"https:\/\/qualitypush.com\/w\/","url_meta":{"origin":160,"position":2},"title":"qualitypush.com &#8211; Changeberatung aus der Praxis","author":"Patrick","date":"30. Januar 2020","format":false,"excerpt":"seit 2005 \u201eMeine Erwartungen waren definitiv zu gering.\u201c (Ein Kundenfeedback) Unsere Vision: Wir wollen, dass Deutschland ein vorteilhafter Standort bleibt, indem wir wirksames F\u00fchrungsverhalten f\u00f6rdern. Es sollte f\u00fcr alle Menschen in Deutschland selbstverst\u00e4ndlich sein, in einer erfolgreichen, Lernenden Organisation arbeiten zu d\u00fcrfen. Unsere Mission Ver\u00e4nderungsvorhaben werden oft enthusiastisch initiiert -\u2026","rel":"","context":"\u00c4hnlicher Beitrag","block_context":{"text":"\u00c4hnlicher Beitrag","link":""},"img":{"alt_text":"","src":"https:\/\/i0.wp.com\/qualitypush.com\/w\/wp-content\/uploads\/2020\/12\/bubbles2-1.jpg?fit=1141%2C1200&ssl=1&resize=350%2C200","width":350,"height":200,"srcset":"https:\/\/i0.wp.com\/qualitypush.com\/w\/wp-content\/uploads\/2020\/12\/bubbles2-1.jpg?fit=1141%2C1200&ssl=1&resize=350%2C200 1x, https:\/\/i0.wp.com\/qualitypush.com\/w\/wp-content\/uploads\/2020\/12\/bubbles2-1.jpg?fit=1141%2C1200&ssl=1&resize=525%2C300 1.5x, https:\/\/i0.wp.com\/qualitypush.com\/w\/wp-content\/uploads\/2020\/12\/bubbles2-1.jpg?fit=1141%2C1200&ssl=1&resize=700%2C400 2x, https:\/\/i0.wp.com\/qualitypush.com\/w\/wp-content\/uploads\/2020\/12\/bubbles2-1.jpg?fit=1141%2C1200&ssl=1&resize=1050%2C600 3x"},"classes":[]},{"id":423,"url":"https:\/\/qualitypush.com\/w\/start\/neuigkeiten\/","url_meta":{"origin":160,"position":3},"title":"Neuigkeiten","author":"Patrick","date":"24. Februar 2020","format":false,"excerpt":"News rund um unsere Arbeit (und wegen unserer Seminarinsel auch speziell \u00fcber die Region H\u00f6ga Kusten in Schweden). Beeindruckend, was der Travel-Retail Champion Gebr. Heinemann in mehreren Generationen weltweit auf die Beine gestellt hat. Willkommen in unserer sehr kleinen, sehr feinen Kundenfamilie! Wow! Um keinen Auftrag habe ich so gek\u00e4mpft,\u2026","rel":"","context":"\u00c4hnlicher Beitrag","block_context":{"text":"\u00c4hnlicher Beitrag","link":""},"img":{"alt_text":"","src":"https:\/\/i0.wp.com\/qualitypush.com\/w\/wp-content\/uploads\/2022\/10\/TopoftheTop10s.png?resize=350%2C200&ssl=1","width":350,"height":200},"classes":[]},{"id":37,"url":"https:\/\/qualitypush.com\/w\/start\/kontakt\/","url_meta":{"origin":160,"position":4},"title":"Kontakt","author":"Patrick","date":"30. Januar 2020","format":false,"excerpt":"qualitypush.com Name: Patrick Wilke Street: Heckenstrasse 1 Town: 29308 Winsen Aller Phone: +49 172 4373357 Email: mail@qualitypush.com Insta: https:\/\/www.instagram.com\/Isle.of.change LinkedIn: https:\/\/de.linkedin.com\/in\/patrick-wilke-6bba85b0 Xing: https:\/\/www.xing.com\/profile\/Patrick_Wilke15\/ Informiere Dich weiter \u00fcber uns:","rel":"","context":"\u00c4hnlicher Beitrag","block_context":{"text":"\u00c4hnlicher Beitrag","link":""},"img":{"alt_text":"","src":"","width":0,"height":0},"classes":[]},{"id":100,"url":"https:\/\/qualitypush.com\/w\/deutschland\/","url_meta":{"origin":160,"position":5},"title":"Unser Fokus","author":"Patrick","date":"30. Januar 2020","format":false,"excerpt":"Mit folgenden Anliegen bist Du bei uns am besten aufgehoben: Du suchst Sparringspartner, die selbst aktive F\u00fchrungskr\u00e4fte sind, Du m\u00f6chtest Strategien, Reorganisationen und Ver\u00e4nderungen ins Ziel bringen, Du m\u00f6chtest Eure F\u00fchrungskr\u00e4fte trainieren oder herausfordern, Du m\u00f6chtest Trainings anreichern mit speziell f\u00fcr dein Unternehmen entwickelten Businesss-Spielen. Arbeitsweise & Methoden Ownership und\u2026","rel":"","context":"\u00c4hnlicher Beitrag","block_context":{"text":"\u00c4hnlicher Beitrag","link":""},"img":{"alt_text":"","src":"https:\/\/i0.wp.com\/qualitypush.com\/w\/wp-content\/uploads\/2022\/10\/image_editor_output_image-809832921-1666463077202.jpg?resize=350%2C200&ssl=1","width":350,"height":200,"srcset":"https:\/\/i0.wp.com\/qualitypush.com\/w\/wp-content\/uploads\/2022\/10\/image_editor_output_image-809832921-1666463077202.jpg?resize=350%2C200&ssl=1 1x, https:\/\/i0.wp.com\/qualitypush.com\/w\/wp-content\/uploads\/2022\/10\/image_editor_output_image-809832921-1666463077202.jpg?resize=525%2C300&ssl=1 1.5x, https:\/\/i0.wp.com\/qualitypush.com\/w\/wp-content\/uploads\/2022\/10\/image_editor_output_image-809832921-1666463077202.jpg?resize=700%2C400&ssl=1 2x"},"classes":[]}],"jetpack_sharing_enabled":true,"jetpack_likes_enabled":true,"_links":{"self":[{"href":"https:\/\/qualitypush.com\/w\/wp-json\/wp\/v2\/pages\/160","targetHints":{"allow":["GET"]}}],"collection":[{"href":"https:\/\/qualitypush.com\/w\/wp-json\/wp\/v2\/pages"}],"about":[{"href":"https:\/\/qualitypush.com\/w\/wp-json\/wp\/v2\/types\/page"}],"author":[{"embeddable":true,"href":"https:\/\/qualitypush.com\/w\/wp-json\/wp\/v2\/users\/1"}],"replies":[{"embeddable":true,"href":"https:\/\/qualitypush.com\/w\/wp-json\/wp\/v2\/comments?post=160"}],"version-history":[{"count":10,"href":"https:\/\/qualitypush.com\/w\/wp-json\/wp\/v2\/pages\/160\/revisions"}],"predecessor-version":[{"id":1831,"href":"https:\/\/qualitypush.com\/w\/wp-json\/wp\/v2\/pages\/160\/revisions\/1831"}],"wp:attachment":[{"href":"https:\/\/qualitypush.com\/w\/wp-json\/wp\/v2\/media?parent=160"}],"curies":[{"name":"wp","href":"https:\/\/api.w.org\/{rel}","templated":true}]}}