{"id":100,"date":"2020-01-30T21:14:48","date_gmt":"2020-01-30T19:14:48","guid":{"rendered":"http:\/\/qualitypush.com\/w\/?page_id=100"},"modified":"2025-04-27T13:07:02","modified_gmt":"2025-04-27T11:07:02","slug":"deutschland","status":"publish","type":"page","link":"https:\/\/qualitypush.com\/w\/deutschland\/","title":{"rendered":"Unser Fokus"},"content":{"rendered":"\n<p><strong>Mit folgenden Anliegen bist Du bei uns am besten aufgehoben:<\/strong><\/p>\n\n\n\n<ul class=\"wp-block-list\">\n<li>Du suchst Sparringspartner, die selbst aktive F\u00fchrungskr\u00e4fte sind,<\/li>\n\n\n\n<li>Du m\u00f6chtest Strategien, Reorganisationen und Ver\u00e4nderungen ins Ziel bringen,<\/li>\n\n\n\n<li>Du m\u00f6chtest Eure F\u00fchrungskr\u00e4fte trainieren oder herausfordern,<\/li>\n\n\n\n<li>Du m\u00f6chtest Trainings anreichern mit speziell f\u00fcr dein Unternehmen entwickelten Businesss-Spielen.<\/li>\n\n\n\n<li><\/li>\n<\/ul>\n\n\n\n<figure class=\"wp-block-image size-large\"><img data-recalc-dims=\"1\" loading=\"lazy\" decoding=\"async\" width=\"525\" height=\"295\" src=\"https:\/\/i0.wp.com\/qualitypush.com\/w\/wp-content\/uploads\/2022\/10\/image_editor_output_image-809832921-1666463077202.jpg?resize=525%2C295&#038;ssl=1\" alt=\"\" class=\"wp-image-1514\" srcset=\"https:\/\/i0.wp.com\/qualitypush.com\/w\/wp-content\/uploads\/2022\/10\/image_editor_output_image-809832921-1666463077202.jpg?w=1024&amp;ssl=1 1024w, https:\/\/i0.wp.com\/qualitypush.com\/w\/wp-content\/uploads\/2022\/10\/image_editor_output_image-809832921-1666463077202.jpg?resize=300%2C169&amp;ssl=1 300w, https:\/\/i0.wp.com\/qualitypush.com\/w\/wp-content\/uploads\/2022\/10\/image_editor_output_image-809832921-1666463077202.jpg?resize=768%2C432&amp;ssl=1 768w\" sizes=\"auto, (max-width: 767px) 89vw, (max-width: 1000px) 54vw, (max-width: 1071px) 543px, 580px\" \/><\/figure>\n\n\n\n<h2 class=\"wp-block-heading\">Arbeitsweise &amp; Methoden<\/h2>\n\n\n\n<p><strong>Ownership und Selbstorganisation<\/strong><\/p>\n\n\n\n<p>Wir\u00a0peilen von Anfang an die St\u00e4rkung von Ownership und Selbstorganisation in Deinen Teams an. Wir m\u00f6chten n\u00e4mlich nicht st\u00e4ndig wegen derselben Themen zu Euch kommen. Ob Beratung oder Trainings &#8211; wir setzen wir alles so auf, dass Ihr ohne uns weitermachen k\u00f6nnt. Das geht bis hin zur Gr\u00fcndung interner Akademien oder interner Beratungseinheiten. Auf Wunsch begleiten wir Eure Ver\u00e4nderung jedoch auch bis zur erfolgreichen Umsetzung, als w\u00e4re es unsere eigene.<\/p>\n\n\n\n<p><strong>Simple und fokussierte Tools<\/strong><\/p>\n\n\n\n<p>Wir sind zwar f\u00fcr diverse Beratungsmethoden ausgebildet, aber wir<strong> <\/strong>sind an keine Lizenz-Franchises oder Denkschulen gebunden. Unsere typische Vorgehensweisen beinhaltet einen Mix aus Beratung, Trainings und Coachings. Daf\u00fcr nutzen wir eine unendliche Vielfalt an Formaten &amp; Methoden aus dem Bereich der Analysen, der Strategiearbeit, der Prozessoptimierung, des Teambuildings, der Ideen-Entwicklung, etc. wie zum Beispiel:<\/p>\n\n\n\n<ul class=\"wp-block-list\">\n<li>MOST Strategieprozess (Mission, Objectives, Strategy, Tactics)<\/li>\n\n\n\n<li>Organisationsanalysen<\/li>\n\n\n\n<li>SWOT Analyse<\/li>\n\n\n\n<li>Team Canvas, Future Canvas, Value Proposition Canvas, Roles &amp; Responsibilities Canvas<\/li>\n\n\n\n<li>MBTI (c) Analysen f\u00fcr Individuen und Gruppen<\/li>\n\n\n\n<li>Coachingtechniken<\/li>\n\n\n\n<li>Design Thinking Methoden<\/li>\n\n\n\n<li>Retrospektiven<\/li>\n\n\n\n<li>Funktionsanalyse, Morphologischer Kasten, Prozesshaus (c), Aufgabenbasar (c)<\/li>\n<\/ul>\n\n\n\n<p><strong>Echte vielf\u00e4ltige Arbeitserfahrung<\/strong><\/p>\n\n\n\n<p>Unsere gr\u00f6\u00dfte St\u00e4rke sind unsere Lebensl\u00e4ufe, unsere Pragmatik und das Arbeiten auf Augenh\u00f6he. Wir sind selbst in F\u00fchrungspositionen in Konzernen und KMU oder f\u00fchren ein eigenes Unternehmen. Wir haben harte Knochenarbeit in der Industrie und im Service ebenso kennengelernt wie Strategieprojekte des Topmanagements und Unternehmensgr\u00fcndungen.<\/p>\n\n\n\n<p><\/p>\n\n\n\n<h2 class=\"wp-block-heading\">N\u00e4chste Schritte<\/h2>\n\n\n\n<p class=\"has-white-color has-text-color has-background\" style=\"background-color:#42eeee\"><strong><a href=\"https:\/\/www.qualitypush.com\/w\/kontakt\" target=\"_blank\" rel=\"noreferrer noopener\">Kontakt aufnehmen<\/a><\/strong><\/p>\n\n\n\n<p class=\"has-white-color has-text-color has-background\" style=\"background-color:#42dddd\"><strong><a href=\"https:\/\/www.qualitypush.com\/w\/kundenfeedback\" target=\"_blank\" rel=\"noreferrer noopener\">Kundenfeedback anschauen<\/a><\/strong><\/p>\n\n\n\n<p class=\"has-white-color has-text-color has-background\" style=\"background-color:#42bbbb\"><strong><a href=\"https:\/\/www.qualitypush.com\/w\/sverige-haernoesand\" target=\"_blank\" rel=\"noreferrer noopener\">Work &amp; Wandern auf unserer Seminarinsel in Schweden<\/a><\/strong><\/p>\n","protected":false},"excerpt":{"rendered":"<p>Mit folgenden Anliegen bist Du bei uns am besten aufgehoben: Arbeitsweise &amp; Methoden Ownership und Selbstorganisation Wir\u00a0peilen von Anfang an die St\u00e4rkung von Ownership und Selbstorganisation in Deinen Teams an. Wir m\u00f6chten n\u00e4mlich nicht st\u00e4ndig wegen derselben Themen zu Euch kommen. Ob Beratung oder Trainings &#8211; wir setzen wir alles so auf, dass Ihr ohne &hellip; <\/p>\n<p class=\"link-more\"><a href=\"https:\/\/qualitypush.com\/w\/deutschland\/\" class=\"more-link\"><span class=\"screen-reader-text\">\u201eUnser Fokus\u201c <\/span>weiterlesen<\/a><\/p>\n","protected":false},"author":1,"featured_media":0,"parent":0,"menu_order":0,"comment_status":"closed","ping_status":"closed","template":"","meta":{"jetpack_post_was_ever_published":false,"footnotes":""},"class_list":["post-100","page","type-page","status-publish","hentry"],"jetpack-related-posts":[{"id":35,"url":"https:\/\/qualitypush.com\/w\/","url_meta":{"origin":100,"position":0},"title":"qualitypush.com &#8211; Changeberatung aus der Praxis","author":"Patrick","date":"30. Januar 2020","format":false,"excerpt":"seit 2005 \u201eMeine Erwartungen waren definitiv zu gering.\u201c (Ein Kundenfeedback) Unsere Vision: Wir wollen, dass Deutschland ein vorteilhafter Standort bleibt, indem wir wirksames F\u00fchrungsverhalten f\u00f6rdern. Es sollte f\u00fcr alle Menschen in Deutschland selbstverst\u00e4ndlich sein, in einer erfolgreichen, Lernenden Organisation arbeiten zu d\u00fcrfen. Unsere Mission Ver\u00e4nderungsvorhaben werden oft enthusiastisch initiiert -\u2026","rel":"","context":"\u00c4hnlicher Beitrag","block_context":{"text":"\u00c4hnlicher Beitrag","link":""},"img":{"alt_text":"","src":"https:\/\/i0.wp.com\/qualitypush.com\/w\/wp-content\/uploads\/2020\/12\/bubbles2-1.jpg?fit=1141%2C1200&ssl=1&resize=350%2C200","width":350,"height":200,"srcset":"https:\/\/i0.wp.com\/qualitypush.com\/w\/wp-content\/uploads\/2020\/12\/bubbles2-1.jpg?fit=1141%2C1200&ssl=1&resize=350%2C200 1x, https:\/\/i0.wp.com\/qualitypush.com\/w\/wp-content\/uploads\/2020\/12\/bubbles2-1.jpg?fit=1141%2C1200&ssl=1&resize=525%2C300 1.5x, https:\/\/i0.wp.com\/qualitypush.com\/w\/wp-content\/uploads\/2020\/12\/bubbles2-1.jpg?fit=1141%2C1200&ssl=1&resize=700%2C400 2x, https:\/\/i0.wp.com\/qualitypush.com\/w\/wp-content\/uploads\/2020\/12\/bubbles2-1.jpg?fit=1141%2C1200&ssl=1&resize=1050%2C600 3x"},"classes":[]},{"id":36,"url":"https:\/\/qualitypush.com\/w\/start\/ueber-uns\/","url_meta":{"origin":100,"position":1},"title":"Profil","author":"Patrick","date":"30. Januar 2020","format":false,"excerpt":"Patrick Wilke, Gr\u00fcnder qp Vater, Organisationsberater, F\u00fchrungskr\u00e4ftetrainer, Coach Erfahrung in Mittelstand, Agentur, Beratung, Freiberuf, Konzern Wirtschaftshistoriker und Fachjournalist Agiler Team Facilitator (DACH30), SCRUM Product Owner, Prozessberater (AUDI) und KVP Moderator (VW) Taucher,\u00a0KI-Musiker und Heimwerker Rettungshelfer, Rettungstaucher, Rettungsschwimmer Werdegang 1997-2005: arbeits-sozialisiert wurde ich in den Kellern der Kernkraftwerke dieser Welt. Als\u2026","rel":"","context":"\u00c4hnlicher Beitrag","block_context":{"text":"\u00c4hnlicher Beitrag","link":""},"img":{"alt_text":"","src":"https:\/\/i0.wp.com\/qualitypush.com\/w\/wp-content\/uploads\/2025\/10\/outdoor.png?resize=350%2C200&ssl=1","width":350,"height":200,"srcset":"https:\/\/i0.wp.com\/qualitypush.com\/w\/wp-content\/uploads\/2025\/10\/outdoor.png?resize=350%2C200&ssl=1 1x, https:\/\/i0.wp.com\/qualitypush.com\/w\/wp-content\/uploads\/2025\/10\/outdoor.png?resize=525%2C300&ssl=1 1.5x, https:\/\/i0.wp.com\/qualitypush.com\/w\/wp-content\/uploads\/2025\/10\/outdoor.png?resize=700%2C400&ssl=1 2x"},"classes":[]},{"id":877,"url":"https:\/\/qualitypush.com\/w\/start\/partner-empfehlungen\/","url_meta":{"origin":100,"position":2},"title":"Partner und Empfehlungen","author":"Patrick","date":"6. Oktober 2020","format":false,"excerpt":"Jeder braucht Partner. TEAMBUILDING: LaCocina Seminark\u00fcche - Top Location, top Vortrag, top Kochevent und dann top Essen. Sehr zu empfehlen! BERATUNG: https:\/\/einboot.org - Johanna Tomppert und Boris Walter. 2 Organisationsberater. Top Kollegen. Meine Wahl, wenn es um l\u00e4ngere Projekte geht. OUTDOOR TRAINING: https:\/\/www.wildnistraining-westerwald.de\/ Marco Plass, F\u00fchrungskr\u00e4fte- und Outdoortrainer und Survival\u2026","rel":"","context":"\u00c4hnlicher Beitrag","block_context":{"text":"\u00c4hnlicher Beitrag","link":""},"img":{"alt_text":"","src":"https:\/\/i0.wp.com\/qualitypush.com\/w\/wp-content\/uploads\/2021\/11\/stingray-4392776_1920.jpg?resize=350%2C200&ssl=1","width":350,"height":200,"srcset":"https:\/\/i0.wp.com\/qualitypush.com\/w\/wp-content\/uploads\/2021\/11\/stingray-4392776_1920.jpg?resize=350%2C200&ssl=1 1x, https:\/\/i0.wp.com\/qualitypush.com\/w\/wp-content\/uploads\/2021\/11\/stingray-4392776_1920.jpg?resize=525%2C300&ssl=1 1.5x, https:\/\/i0.wp.com\/qualitypush.com\/w\/wp-content\/uploads\/2021\/11\/stingray-4392776_1920.jpg?resize=700%2C400&ssl=1 2x, https:\/\/i0.wp.com\/qualitypush.com\/w\/wp-content\/uploads\/2021\/11\/stingray-4392776_1920.jpg?resize=1050%2C600&ssl=1 3x, https:\/\/i0.wp.com\/qualitypush.com\/w\/wp-content\/uploads\/2021\/11\/stingray-4392776_1920.jpg?resize=1400%2C800&ssl=1 4x"},"classes":[]},{"id":160,"url":"https:\/\/qualitypush.com\/w\/kundenfeedback\/","url_meta":{"origin":100,"position":3},"title":"Feedback und Kunden","author":"Patrick","date":"31. Januar 2020","format":false,"excerpt":"Diese Feedbacks sind zu 99% repr\u00e4sentativ bei inzwischen > 5.000 Teilnehmenden an Beratungsprojekten, Trainings und Workshops: \"Vielen Dank noch einmal f\u00fcr deinen spannenden Impulsvortrag. Dein Vortrag ist bei allen gut angekommen. Besonders positiv fanden wir, dass du viele unterschiedliche Themen angerissen hast, die die Teilnehmenden anschlie\u00dfend zum Austausch angeregt haben\u2026","rel":"","context":"\u00c4hnlicher Beitrag","block_context":{"text":"\u00c4hnlicher Beitrag","link":""},"img":{"alt_text":"","src":"","width":0,"height":0},"classes":[]},{"id":423,"url":"https:\/\/qualitypush.com\/w\/start\/neuigkeiten\/","url_meta":{"origin":100,"position":4},"title":"Neuigkeiten","author":"Patrick","date":"24. Februar 2020","format":false,"excerpt":"News rund um unsere Arbeit (und wegen unserer Seminarinsel auch speziell \u00fcber die Region H\u00f6ga Kusten in Schweden). Beeindruckend, was der Travel-Retail Champion Gebr. Heinemann in mehreren Generationen weltweit auf die Beine gestellt hat. Willkommen in unserer sehr kleinen, sehr feinen Kundenfamilie! Wow! Um keinen Auftrag habe ich so gek\u00e4mpft,\u2026","rel":"","context":"\u00c4hnlicher Beitrag","block_context":{"text":"\u00c4hnlicher Beitrag","link":""},"img":{"alt_text":"","src":"https:\/\/i0.wp.com\/qualitypush.com\/w\/wp-content\/uploads\/2022\/10\/TopoftheTop10s.png?resize=350%2C200&ssl=1","width":350,"height":200},"classes":[]},{"id":2,"url":"https:\/\/qualitypush.com\/w\/sverige-haernoesand\/","url_meta":{"origin":100,"position":5},"title":"In Schweden","author":"Patrick","date":"30. Januar 2020","format":false,"excerpt":"Eine eigene Insel - nur f\u00fcr Dich, Dein Team oder Deine Familie! In Schwedens Top Outdoorregion H\u00f6ga Kusten erschaffen wir einen einzigartigen Ort f\u00fcr Erholung, ungest\u00f6rte Arbeit, oder um ins Feuer zu starren: R\u00e5holmen. Unsere kleine Insel ist: ein Ort f\u00fcr bis zu 8 Personen, auf 10.000qm nordischem Urwald, in\u2026","rel":"","context":"\u00c4hnlicher Beitrag","block_context":{"text":"\u00c4hnlicher Beitrag","link":""},"img":{"alt_text":"","src":"https:\/\/i0.wp.com\/qualitypush.com\/w\/wp-content\/uploads\/2024\/04\/10000235417268486475659369678.jpg?resize=350%2C200","width":350,"height":200,"srcset":"https:\/\/i0.wp.com\/qualitypush.com\/w\/wp-content\/uploads\/2024\/04\/10000235417268486475659369678.jpg?resize=350%2C200 1x, https:\/\/i0.wp.com\/qualitypush.com\/w\/wp-content\/uploads\/2024\/04\/10000235417268486475659369678.jpg?resize=525%2C300 1.5x, https:\/\/i0.wp.com\/qualitypush.com\/w\/wp-content\/uploads\/2024\/04\/10000235417268486475659369678.jpg?resize=700%2C400 2x, https:\/\/i0.wp.com\/qualitypush.com\/w\/wp-content\/uploads\/2024\/04\/10000235417268486475659369678.jpg?resize=1050%2C600 3x, https:\/\/i0.wp.com\/qualitypush.com\/w\/wp-content\/uploads\/2024\/04\/10000235417268486475659369678.jpg?resize=1400%2C800 4x"},"classes":[]}],"jetpack_sharing_enabled":true,"jetpack_likes_enabled":true,"_links":{"self":[{"href":"https:\/\/qualitypush.com\/w\/wp-json\/wp\/v2\/pages\/100","targetHints":{"allow":["GET"]}}],"collection":[{"href":"https:\/\/qualitypush.com\/w\/wp-json\/wp\/v2\/pages"}],"about":[{"href":"https:\/\/qualitypush.com\/w\/wp-json\/wp\/v2\/types\/page"}],"author":[{"embeddable":true,"href":"https:\/\/qualitypush.com\/w\/wp-json\/wp\/v2\/users\/1"}],"replies":[{"embeddable":true,"href":"https:\/\/qualitypush.com\/w\/wp-json\/wp\/v2\/comments?post=100"}],"version-history":[{"count":10,"href":"https:\/\/qualitypush.com\/w\/wp-json\/wp\/v2\/pages\/100\/revisions"}],"predecessor-version":[{"id":1797,"href":"https:\/\/qualitypush.com\/w\/wp-json\/wp\/v2\/pages\/100\/revisions\/1797"}],"wp:attachment":[{"href":"https:\/\/qualitypush.com\/w\/wp-json\/wp\/v2\/media?parent=100"}],"curies":[{"name":"wp","href":"https:\/\/api.w.org\/{rel}","templated":true}]}}